{"id":249,"date":"2024-02-06T23:53:20","date_gmt":"2024-02-06T23:53:20","guid":{"rendered":"https:\/\/clarifyou.com\/?page_id=249"},"modified":"2024-05-22T19:57:05","modified_gmt":"2024-05-22T19:57:05","slug":"about","status":"publish","type":"page","link":"https:\/\/clarifyou.com\/tr\/about\/","title":{"rendered":"Clarif You\u2019ya Ho\u015f Geldiniz!"},"content":{"rendered":"<!--advertisement--><div class=\"mx-5 sm:mx-0 sm:text-3xl text-2xl font-medium title-font mb-4 text-gray-900 text-left\">\n<h2 class=\"wp-block-heading\" id=\"h-finding-simplicity-in-tech-together\">Teknolojide Basitli\u011fi Birlikte Bulmak<\/h2>\n<\/div><div class=\"mx-5 sm:mx-0 prose leading-relaxed text-lg mb-5 text-left wp-paragraph\">\n<p>Merhaba! Teknolojinin g\u00fcnl\u00fck ya\u015famla bulu\u015ftu\u011fu bir alana ho\u015f geldiniz, Clarif You. Hi\u00e7 &quot;Daha basit bir yol olmal\u0131&quot; diye d\u00fc\u015f\u00fcnd\u00fcn\u00fcz m\u00fc? Size bunun oldu\u011funu g\u00f6stermek i\u00e7in buraday\u0131z. Uygulamalar\u0131n ve teknolojinin u\u00e7suz bucaks\u0131z d\u00fcnyas\u0131na dalarak, hayat\u0131 sadece kolayla\u015ft\u0131rmakla kalmay\u0131p ayn\u0131 zamanda herkes i\u00e7in biraz daha keyifli hale getiren m\u00fccevherleri buluyoruz. Teknolojiden biraz yard\u0131m alarak her g\u00fcnden en iyi \u015fekilde yararlanmakla ilgili.<\/p>\n<\/div><!--advertisement--><div class=\"mx-5 sm:mx-0 sm:text-3xl text-2xl font-medium title-font mb-4 text-gray-900 text-left\">\n<h2 class=\"wp-block-heading\">Biz Kimiz<\/h2>\n<\/div><div class=\"mx-5 sm:mx-0 prose leading-relaxed text-lg mb-5 text-left wp-paragraph\">\n<p>Bizi teknoloji merakl\u0131s\u0131 arkada\u015flar\u0131n\u0131z olarak d\u00fc\u015f\u00fcn\u00fcn, hayat\u0131n\u0131z\u0131 d\u00fczenleyen en son uygulamadan teknolojiyle etkile\u015fiminizi d\u00f6n\u00fc\u015ft\u00fcren ipu\u00e7lar\u0131na kadar her \u015feyi sizinle payla\u015fmaya hevesliyiz. Clarif You&#039;da, sanki sizin i\u00e7in yap\u0131lm\u0131\u015f gibi hissettiren teknoloji \u00e7\u00f6z\u00fcmlerini ortaya \u00e7\u0131karma konusunda tutkuluyuz. \u0130ster k\u00fc\u00e7\u00fck \u00e7ocu\u011funuz i\u00e7in e\u011fitim ara\u00e7lar\u0131 arayan bir ebeveyn olun, ister g\u00fcnl\u00fck i\u015flerinizi daha verimli bir \u015fekilde y\u00f6netmek isteyen biri olun, fark yaratan teknolojiye sizi y\u00f6nlendirmek i\u00e7in buraday\u0131z.<\/p>\n<\/div><!--advertisement--><div class=\"mx-5 sm:mx-0 sm:text-3xl text-2xl font-medium title-font mb-4 text-gray-900 text-left\">\n<h2 class=\"wp-block-heading\">Sesinize De\u011fer Veriyoruz<\/h2>\n<\/div><div class=\"mx-5 sm:mx-0 prose leading-relaxed text-lg mb-5 text-left wp-paragraph\">\n<p>Akl\u0131n\u0131zda ne var? Bir teknoloji bulmacas\u0131, bir fikir veya belki de belirli bir \u015fey mi ar\u0131yorsunuz? G\u00f6r\u00fc\u015fleriniz ve sorular\u0131n\u0131z yarat\u0131c\u0131l\u0131\u011f\u0131m\u0131z\u0131 harekete ge\u00e7iriyor ve i\u00e7eri\u011fimizi y\u00f6nlendiriyor. Clarif You, bizim oldu\u011fu kadar sizin de platformunuz. Aileniz, ki\u015fisel geli\u015fiminiz veya sa\u011fl\u0131k y\u00f6netiminiz i\u00e7in teknolojiyi ara\u015ft\u0131r\u0131yor olun, dinlemek, etkile\u015fim kurmak ve \u00e7\u00f6z\u00fcmleri birlikte ke\u015ffetmek i\u00e7in buraday\u0131z.<\/p>\n<\/div><!--advertisement--><div class=\"mx-5 sm:mx-0 sm:text-3xl text-2xl font-medium title-font mb-4 text-gray-900 text-left\">\n<h2 class=\"wp-block-heading\">Bizimle Ba\u011flant\u0131 Kurun<\/h2>\n<\/div><div class=\"mx-5 sm:mx-0 prose leading-relaxed text-lg mb-5 text-left wp-paragraph\">\n<p>D\u00fcnyam\u0131za ad\u0131m at\u0131n <a style=\" color:;\" href=\"https:\/\/clarifyou.com\/tr\/\" target=\"_blank\" rel=\"noreferrer noopener\">https:\/\/clarifyou.com\/<\/a>, teknoloji ve g\u00fcnl\u00fck ya\u015fam\u0131n g\u00fczel bir \u015fekilde birle\u015fti\u011fi yer. D\u00fc\u015f\u00fcnceleriniz veya sorular\u0131n\u0131z m\u0131 var? Bizimle ileti\u015fime ge\u00e7in <a style=\" color:;\" href=\"https:\/\/clarifyou.com\/tr\/contact\/\" target=\"_blank\" rel=\"noreferrer noopener\">ileti\u015fim sayfas\u0131<\/a>Teknolojiyi, hayat\u0131m\u0131z\u0131 her g\u00fcn zenginle\u015ftirecek \u015fekilde benimseyelim.<\/p>\n<\/div>","protected":false},"excerpt":{"rendered":"<p>Finding Simplicity in Tech, Together Hey there! Welcome to a space where technology meets daily life, Clarif You. Ever think, &#8220;There&#8217;s got to be a simpler way&#8221;? We\u2019re here to show you there is. Diving into the vast world of apps and technology, we find those gems that make life not just easier, but also&hellip; <a class=\"more-link\" href=\"https:\/\/clarifyou.com\/tr\/about\/\">Okumaya devam et <span class=\"screen-reader-text\">Clarif You\u2019ya Ho\u015f Geldiniz!<\/span><\/a><\/p>","protected":false},"author":3,"featured_media":0,"parent":0,"menu_order":0,"comment_status":"closed","ping_status":"closed","template":"","meta":{"footnotes":""},"yoast_head":"<!-- This site is optimized with the Yoast SEO Premium plugin v18.7 (Yoast SEO v19.1) - https:\/\/yoast.com\/wordpress\/plugins\/seo\/ -->\n<title>Welcome to Clarif You! - Clarif You<\/title>\n<meta name=\"robots\" content=\"index, follow, max-snippet:-1, max-image-preview:large, max-video-preview:-1\" \/>\n<link rel=\"canonical\" href=\"https:\/\/clarifyou.com\/tr\/about\/\" \/>\n<meta property=\"og:locale\" content=\"tr_TR\" \/>\n<meta property=\"og:type\" content=\"article\" \/>\n<meta property=\"og:title\" content=\"Welcome to Clarif You!\" \/>\n<meta property=\"og:description\" content=\"Finding Simplicity in Tech, Together Hey there! Welcome to a space where technology meets daily life, Clarif You. Ever think, &#8220;There&#8217;s got to be a simpler way&#8221;? We\u2019re here to show you there is. Diving into the vast world of apps and technology, we find those gems that make life not just easier, but also&hellip; Continue reading Welcome to Clarif You!\" \/>\n<meta property=\"og:url\" content=\"https:\/\/clarifyou.com\/tr\/about\/\" \/>\n<meta property=\"og:site_name\" content=\"Clarif You\" \/>\n<meta property=\"article:modified_time\" content=\"2024-05-22T19:57:05+00:00\" \/>\n<meta name=\"twitter:card\" content=\"summary_large_image\" \/>\n<meta name=\"twitter:label1\" content=\"Est. reading time\" \/>\n\t<meta name=\"twitter:data1\" content=\"1 dakika\" \/>\n<script type=\"application\/ld+json\" class=\"yoast-schema-graph\">{\"@context\":\"https:\/\/schema.org\",\"@graph\":[{\"@type\":\"WebSite\",\"@id\":\"https:\/\/clarifyou.com\/#website\",\"url\":\"https:\/\/clarifyou.com\/\",\"name\":\"Clarif You\",\"description\":\"\",\"potentialAction\":[{\"@type\":\"SearchAction\",\"target\":{\"@type\":\"EntryPoint\",\"urlTemplate\":\"https:\/\/clarifyou.com\/?s={search_term_string}\"},\"query-input\":\"required name=search_term_string\"}],\"inLanguage\":\"tr\"},{\"@type\":\"WebPage\",\"@id\":\"https:\/\/clarifyou.com\/about\/#webpage\",\"url\":\"https:\/\/clarifyou.com\/about\/\",\"name\":\"Welcome to Clarif You! - Clarif You\",\"isPartOf\":{\"@id\":\"https:\/\/clarifyou.com\/#website\"},\"datePublished\":\"2024-02-06T23:53:20+00:00\",\"dateModified\":\"2024-05-22T19:57:05+00:00\",\"breadcrumb\":{\"@id\":\"https:\/\/clarifyou.com\/about\/#breadcrumb\"},\"inLanguage\":\"tr\",\"potentialAction\":[{\"@type\":\"ReadAction\",\"target\":[\"https:\/\/clarifyou.com\/about\/\"]}]},{\"@type\":\"BreadcrumbList\",\"@id\":\"https:\/\/clarifyou.com\/about\/#breadcrumb\",\"itemListElement\":[{\"@type\":\"ListItem\",\"position\":1,\"name\":\"Home\",\"item\":\"https:\/\/clarifyou.com\/\"},{\"@type\":\"ListItem\",\"position\":2,\"name\":\"Welcome to Clarif You!\"}]}]}<\/script>\n<!-- \/ Yoast SEO Premium plugin. -->","yoast_head_json":{"title":"Welcome to Clarif You! - Clarif You","robots":{"index":"index","follow":"follow","max-snippet":"max-snippet:-1","max-image-preview":"max-image-preview:large","max-video-preview":"max-video-preview:-1"},"canonical":"https:\/\/clarifyou.com\/tr\/about\/","og_locale":"tr_TR","og_type":"article","og_title":"Welcome to Clarif You!","og_description":"Finding Simplicity in Tech, Together Hey there! Welcome to a space where technology meets daily life, Clarif You. Ever think, &#8220;There&#8217;s got to be a simpler way&#8221;? We\u2019re here to show you there is. Diving into the vast world of apps and technology, we find those gems that make life not just easier, but also&hellip; Continue reading Welcome to Clarif You!","og_url":"https:\/\/clarifyou.com\/tr\/about\/","og_site_name":"Clarif You","article_modified_time":"2024-05-22T19:57:05+00:00","twitter_card":"summary_large_image","twitter_misc":{"Est. reading time":"1 dakika"},"schema":{"@context":"https:\/\/schema.org","@graph":[{"@type":"WebSite","@id":"https:\/\/clarifyou.com\/#website","url":"https:\/\/clarifyou.com\/","name":"Clarif You","description":"","potentialAction":[{"@type":"SearchAction","target":{"@type":"EntryPoint","urlTemplate":"https:\/\/clarifyou.com\/?s={search_term_string}"},"query-input":"required name=search_term_string"}],"inLanguage":"tr"},{"@type":"WebPage","@id":"https:\/\/clarifyou.com\/about\/#webpage","url":"https:\/\/clarifyou.com\/about\/","name":"Welcome to Clarif You! - Clarif You","isPartOf":{"@id":"https:\/\/clarifyou.com\/#website"},"datePublished":"2024-02-06T23:53:20+00:00","dateModified":"2024-05-22T19:57:05+00:00","breadcrumb":{"@id":"https:\/\/clarifyou.com\/about\/#breadcrumb"},"inLanguage":"tr","potentialAction":[{"@type":"ReadAction","target":["https:\/\/clarifyou.com\/about\/"]}]},{"@type":"BreadcrumbList","@id":"https:\/\/clarifyou.com\/about\/#breadcrumb","itemListElement":[{"@type":"ListItem","position":1,"name":"Home","item":"https:\/\/clarifyou.com\/"},{"@type":"ListItem","position":2,"name":"Welcome to Clarif You!"}]}]}},"_links":{"self":[{"href":"https:\/\/clarifyou.com\/tr\/wp-json\/wp\/v2\/pages\/249"}],"collection":[{"href":"https:\/\/clarifyou.com\/tr\/wp-json\/wp\/v2\/pages"}],"about":[{"href":"https:\/\/clarifyou.com\/tr\/wp-json\/wp\/v2\/types\/page"}],"author":[{"embeddable":true,"href":"https:\/\/clarifyou.com\/tr\/wp-json\/wp\/v2\/users\/3"}],"replies":[{"embeddable":true,"href":"https:\/\/clarifyou.com\/tr\/wp-json\/wp\/v2\/comments?post=249"}],"version-history":[{"count":0,"href":"https:\/\/clarifyou.com\/tr\/wp-json\/wp\/v2\/pages\/249\/revisions"}],"wp:attachment":[{"href":"https:\/\/clarifyou.com\/tr\/wp-json\/wp\/v2\/media?parent=249"}],"curies":[{"name":"wp","href":"https:\/\/api.w.org\/{rel}","templated":true}]}}