{"id":249,"date":"2024-02-06T23:53:20","date_gmt":"2024-02-06T23:53:20","guid":{"rendered":"https:\/\/clarifyou.com\/?page_id=249"},"modified":"2024-05-22T19:57:05","modified_gmt":"2024-05-22T19:57:05","slug":"about","status":"publish","type":"page","link":"https:\/\/clarifyou.com\/ro\/about\/","title":{"rendered":"Bine a\u021bi venit la Clarif You!"},"content":{"rendered":"<!--advertisement--><div class=\"mx-5 sm:mx-0 sm:text-3xl text-2xl font-medium title-font mb-4 text-gray-900 text-left\">\n<h2 class=\"wp-block-heading\" id=\"h-finding-simplicity-in-tech-together\">G\u0103sind simplitatea \u00een tehnologie, \u00eempreun\u0103<\/h2>\n<\/div><div class=\"mx-5 sm:mx-0 prose leading-relaxed text-lg mb-5 text-left wp-paragraph\">\n<p>Salut! Bine a\u021bi venit \u00eentr-un spa\u021biu unde tehnologia se \u00eent\u00e2lne\u0219te cu via\u021ba de zi cu zi, Clarif You. V-a\u021bi g\u00e2ndit vreodat\u0103: \u201eTrebuie s\u0103 existe o cale mai simpl\u0103\u201d? Suntem aici s\u0103 v\u0103 ar\u0103t\u0103m c\u0103 exist\u0103. Cufund\u00e2ndu-ne \u00een vasta lume a aplica\u021biilor \u0219i tehnologiei, g\u0103sim acele comori care fac via\u021ba nu doar mai u\u0219oar\u0103, ci \u0219i pu\u021bin mai \u00eenc\u00e2nt\u0103toare pentru toat\u0103 lumea. Este vorba despre a profita la maximum de fiecare zi, cu pu\u021bin ajutor din partea tehnologiei.<\/p>\n<\/div><!--advertisement--><div class=\"mx-5 sm:mx-0 sm:text-3xl text-2xl font-medium title-font mb-4 text-gray-900 text-left\">\n<h2 class=\"wp-block-heading\">Cine suntem noi<\/h2>\n<\/div><div class=\"mx-5 sm:mx-0 prose leading-relaxed text-lg mb-5 text-left wp-paragraph\">\n<p>G\u00e2nde\u0219te-te la noi ca la prietenii t\u0103i pasiona\u021bi de tehnologie, dornici s\u0103 \u00eemp\u0103rt\u0103\u0219easc\u0103 totul, de la cea mai recent\u0103 aplica\u021bie care \u00ee\u021bi organizeaz\u0103 via\u021ba, p\u00e2n\u0103 la sfaturi care transform\u0103 modul \u00een care interac\u021bionezi cu tehnologia. La Clarif You, suntem pasiona\u021bi de descoperirea acelor solu\u021bii tehnologice care par a fi create special pentru tine. Fie c\u0103 e\u0219ti un p\u0103rinte care caut\u0103 instrumente educa\u021bionale pentru copilul s\u0103u mic sau cineva dornic s\u0103 gestioneze sarcinile zilnice mai eficient, suntem aici, ghid\u00e2ndu-te c\u0103tre tehnologia care face diferen\u021ba.<\/p>\n<\/div><!--advertisement--><div class=\"mx-5 sm:mx-0 sm:text-3xl text-2xl font-medium title-font mb-4 text-gray-900 text-left\">\n<h2 class=\"wp-block-heading\">Vocea ta ne este pre\u021buit\u0103<\/h2>\n<\/div><div class=\"mx-5 sm:mx-0 prose leading-relaxed text-lg mb-5 text-left wp-paragraph\">\n<p>La ce te g\u00e2nde\u0219ti? O enigm\u0103 tehnologic\u0103, o idee sau poate e\u0219ti \u00een c\u0103utarea a ceva anume? Perspectivele \u0219i \u00eentreb\u0103rile tale ne stimuleaz\u0103 creativitatea \u0219i ne alimenteaz\u0103 con\u021binutul. Clarif You este la fel de mult platforma ta, pe c\u00e2t este \u0219i a noastr\u0103. Indiferent dac\u0103 explorezi tehnologia pentru familie, dezvoltare personal\u0103 sau managementul s\u0103n\u0103t\u0103\u021bii, suntem aici pentru a te asculta, a te implica \u0219i a explora solu\u021bii \u00eempreun\u0103.<\/p>\n<\/div><!--advertisement--><div class=\"mx-5 sm:mx-0 sm:text-3xl text-2xl font-medium title-font mb-4 text-gray-900 text-left\">\n<h2 class=\"wp-block-heading\">Conecteaz\u0103-te cu noi<\/h2>\n<\/div><div class=\"mx-5 sm:mx-0 prose leading-relaxed text-lg mb-5 text-left wp-paragraph\">\n<p>P\u0103\u0219e\u0219te \u00een lumea noastr\u0103 la <a style=\" color:;\" href=\"https:\/\/clarifyou.com\/ro\/\" target=\"_blank\" rel=\"noreferrer noopener\">https:\/\/clarifyou.com\/<\/a>, unde tehnologia \u0219i via\u021ba de zi cu zi converg frumos. Ave\u021bi g\u00e2nduri sau \u00eentreb\u0103ri? Contacta\u021bi-ne prin intermediul nostru <a style=\" color:;\" href=\"https:\/\/clarifyou.com\/ro\/contact\/\" target=\"_blank\" rel=\"noreferrer noopener\">pagin\u0103 de contact<\/a>S\u0103 \u00eembr\u0103\u021bi\u0219\u0103m tehnologia \u00een moduri care s\u0103 ne \u00eembog\u0103\u021beasc\u0103 via\u021ba \u00een fiecare zi.<\/p>\n<\/div>","protected":false},"excerpt":{"rendered":"<p>Finding Simplicity in Tech, Together Hey there! Welcome to a space where technology meets daily life, Clarif You. Ever think, &#8220;There&#8217;s got to be a simpler way&#8221;? We\u2019re here to show you there is. Diving into the vast world of apps and technology, we find those gems that make life not just easier, but also&hellip; <a class=\"more-link\" href=\"https:\/\/clarifyou.com\/ro\/about\/\">Continu\u0103 s\u0103 cite\u0219ti <span class=\"screen-reader-text\">Bine a\u021bi venit la Clarif You!<\/span><\/a><\/p>","protected":false},"author":3,"featured_media":0,"parent":0,"menu_order":0,"comment_status":"closed","ping_status":"closed","template":"","meta":{"footnotes":""},"yoast_head":"<!-- This site is optimized with the Yoast SEO Premium plugin v18.7 (Yoast SEO v19.1) - https:\/\/yoast.com\/wordpress\/plugins\/seo\/ -->\n<title>Welcome to Clarif You! - Clarif You<\/title>\n<meta name=\"robots\" content=\"index, follow, max-snippet:-1, max-image-preview:large, max-video-preview:-1\" \/>\n<link rel=\"canonical\" href=\"https:\/\/clarifyou.com\/ro\/about\/\" \/>\n<meta property=\"og:locale\" content=\"ro_RO\" \/>\n<meta property=\"og:type\" content=\"article\" \/>\n<meta property=\"og:title\" content=\"Welcome to Clarif You!\" \/>\n<meta property=\"og:description\" content=\"Finding Simplicity in Tech, Together Hey there! Welcome to a space where technology meets daily life, Clarif You. Ever think, &#8220;There&#8217;s got to be a simpler way&#8221;? We\u2019re here to show you there is. Diving into the vast world of apps and technology, we find those gems that make life not just easier, but also&hellip; Continue reading Welcome to Clarif You!\" \/>\n<meta property=\"og:url\" content=\"https:\/\/clarifyou.com\/ro\/about\/\" \/>\n<meta property=\"og:site_name\" content=\"Clarif You\" \/>\n<meta property=\"article:modified_time\" content=\"2024-05-22T19:57:05+00:00\" \/>\n<meta name=\"twitter:card\" content=\"summary_large_image\" \/>\n<meta name=\"twitter:label1\" content=\"Est. reading time\" \/>\n\t<meta name=\"twitter:data1\" content=\"1 minut\" \/>\n<script type=\"application\/ld+json\" class=\"yoast-schema-graph\">{\"@context\":\"https:\/\/schema.org\",\"@graph\":[{\"@type\":\"WebSite\",\"@id\":\"https:\/\/clarifyou.com\/#website\",\"url\":\"https:\/\/clarifyou.com\/\",\"name\":\"Clarif You\",\"description\":\"\",\"potentialAction\":[{\"@type\":\"SearchAction\",\"target\":{\"@type\":\"EntryPoint\",\"urlTemplate\":\"https:\/\/clarifyou.com\/?s={search_term_string}\"},\"query-input\":\"required name=search_term_string\"}],\"inLanguage\":\"ro-RO\"},{\"@type\":\"WebPage\",\"@id\":\"https:\/\/clarifyou.com\/about\/#webpage\",\"url\":\"https:\/\/clarifyou.com\/about\/\",\"name\":\"Welcome to Clarif You! - Clarif You\",\"isPartOf\":{\"@id\":\"https:\/\/clarifyou.com\/#website\"},\"datePublished\":\"2024-02-06T23:53:20+00:00\",\"dateModified\":\"2024-05-22T19:57:05+00:00\",\"breadcrumb\":{\"@id\":\"https:\/\/clarifyou.com\/about\/#breadcrumb\"},\"inLanguage\":\"ro-RO\",\"potentialAction\":[{\"@type\":\"ReadAction\",\"target\":[\"https:\/\/clarifyou.com\/about\/\"]}]},{\"@type\":\"BreadcrumbList\",\"@id\":\"https:\/\/clarifyou.com\/about\/#breadcrumb\",\"itemListElement\":[{\"@type\":\"ListItem\",\"position\":1,\"name\":\"Home\",\"item\":\"https:\/\/clarifyou.com\/\"},{\"@type\":\"ListItem\",\"position\":2,\"name\":\"Welcome to Clarif You!\"}]}]}<\/script>\n<!-- \/ Yoast SEO Premium plugin. -->","yoast_head_json":{"title":"Welcome to Clarif You! - Clarif You","robots":{"index":"index","follow":"follow","max-snippet":"max-snippet:-1","max-image-preview":"max-image-preview:large","max-video-preview":"max-video-preview:-1"},"canonical":"https:\/\/clarifyou.com\/ro\/about\/","og_locale":"ro_RO","og_type":"article","og_title":"Welcome to Clarif You!","og_description":"Finding Simplicity in Tech, Together Hey there! Welcome to a space where technology meets daily life, Clarif You. Ever think, &#8220;There&#8217;s got to be a simpler way&#8221;? We\u2019re here to show you there is. Diving into the vast world of apps and technology, we find those gems that make life not just easier, but also&hellip; Continue reading Welcome to Clarif You!","og_url":"https:\/\/clarifyou.com\/ro\/about\/","og_site_name":"Clarif You","article_modified_time":"2024-05-22T19:57:05+00:00","twitter_card":"summary_large_image","twitter_misc":{"Est. reading time":"1 minut"},"schema":{"@context":"https:\/\/schema.org","@graph":[{"@type":"WebSite","@id":"https:\/\/clarifyou.com\/#website","url":"https:\/\/clarifyou.com\/","name":"Clarif You","description":"","potentialAction":[{"@type":"SearchAction","target":{"@type":"EntryPoint","urlTemplate":"https:\/\/clarifyou.com\/?s={search_term_string}"},"query-input":"required name=search_term_string"}],"inLanguage":"ro-RO"},{"@type":"WebPage","@id":"https:\/\/clarifyou.com\/about\/#webpage","url":"https:\/\/clarifyou.com\/about\/","name":"Welcome to Clarif You! - Clarif You","isPartOf":{"@id":"https:\/\/clarifyou.com\/#website"},"datePublished":"2024-02-06T23:53:20+00:00","dateModified":"2024-05-22T19:57:05+00:00","breadcrumb":{"@id":"https:\/\/clarifyou.com\/about\/#breadcrumb"},"inLanguage":"ro-RO","potentialAction":[{"@type":"ReadAction","target":["https:\/\/clarifyou.com\/about\/"]}]},{"@type":"BreadcrumbList","@id":"https:\/\/clarifyou.com\/about\/#breadcrumb","itemListElement":[{"@type":"ListItem","position":1,"name":"Home","item":"https:\/\/clarifyou.com\/"},{"@type":"ListItem","position":2,"name":"Welcome to Clarif You!"}]}]}},"_links":{"self":[{"href":"https:\/\/clarifyou.com\/ro\/wp-json\/wp\/v2\/pages\/249"}],"collection":[{"href":"https:\/\/clarifyou.com\/ro\/wp-json\/wp\/v2\/pages"}],"about":[{"href":"https:\/\/clarifyou.com\/ro\/wp-json\/wp\/v2\/types\/page"}],"author":[{"embeddable":true,"href":"https:\/\/clarifyou.com\/ro\/wp-json\/wp\/v2\/users\/3"}],"replies":[{"embeddable":true,"href":"https:\/\/clarifyou.com\/ro\/wp-json\/wp\/v2\/comments?post=249"}],"version-history":[{"count":0,"href":"https:\/\/clarifyou.com\/ro\/wp-json\/wp\/v2\/pages\/249\/revisions"}],"wp:attachment":[{"href":"https:\/\/clarifyou.com\/ro\/wp-json\/wp\/v2\/media?parent=249"}],"curies":[{"name":"wp","href":"https:\/\/api.w.org\/{rel}","templated":true}]}}