{"id":249,"date":"2024-02-06T23:53:20","date_gmt":"2024-02-06T23:53:20","guid":{"rendered":"https:\/\/clarifyou.com\/?page_id=249"},"modified":"2024-05-22T19:57:05","modified_gmt":"2024-05-22T19:57:05","slug":"about","status":"publish","type":"page","link":"https:\/\/clarifyou.com\/pl\/about\/","title":{"rendered":"Witamy w Clarif You!"},"content":{"rendered":"<!--advertisement--><div class=\"mx-5 sm:mx-0 sm:text-3xl text-2xl font-medium title-font mb-4 text-gray-900 text-left\">\n<h2 class=\"wp-block-heading\" id=\"h-finding-simplicity-in-tech-together\">Wsp\u00f3lnie odkrywamy prostot\u0119 w technologii<\/h2>\n<\/div><div class=\"mx-5 sm:mx-0 prose leading-relaxed text-lg mb-5 text-left wp-paragraph\">\n<p>Cze\u015b\u0107! Witaj w przestrzeni, gdzie technologia spotyka si\u0119 z codzienno\u015bci\u0105, Clarif You. Czy kiedykolwiek pomy\u015bla\u0142e\u015b: \u201eMusi by\u0107 prostszy spos\u00f3b\u201d? Jeste\u015bmy tu, aby Ci pokaza\u0107, \u017ce istnieje. Zanurzaj\u0105c si\u0119 w rozleg\u0142y \u015bwiat aplikacji i technologii, znajdujemy pere\u0142ki, kt\u00f3re nie tylko u\u0142atwiaj\u0105 \u017cycie, ale tak\u017ce czyni\u0105 je odrobin\u0119 przyjemniejszym dla wszystkich. Chodzi o to, by jak najlepiej wykorzysta\u0107 ka\u017cdy dzie\u0144, z odrobin\u0105 pomocy technologii.<\/p>\n<\/div><!--advertisement--><div class=\"mx-5 sm:mx-0 sm:text-3xl text-2xl font-medium title-font mb-4 text-gray-900 text-left\">\n<h2 class=\"wp-block-heading\">Kim jeste\u015bmy<\/h2>\n<\/div><div class=\"mx-5 sm:mx-0 prose leading-relaxed text-lg mb-5 text-left wp-paragraph\">\n<p>Pomy\u015bl o nas jak o swoich obeznanych z technologi\u0105 przyjacio\u0142ach, ch\u0119tnych podzieli\u0107 si\u0119 wszystkim \u2013 od najnowszych aplikacji, kt\u00f3re organizuj\u0105 Twoje \u017cycie, po wskaz\u00f3wki, kt\u00f3re zmieniaj\u0105 spos\u00f3b, w jaki korzystasz z technologii. W Clarif You z pasj\u0105 odkrywamy rozwi\u0105zania technologiczne, kt\u00f3re sprawiaj\u0105 wra\u017cenie stworzonych specjalnie dla Ciebie. Niezale\u017cnie od tego, czy jeste\u015b rodzicem szukaj\u0105cym narz\u0119dzi edukacyjnych dla swojego malucha, czy osob\u0105, kt\u00f3ra chce efektywniej zarz\u0105dza\u0107 codziennymi zadaniami, jeste\u015bmy tutaj, aby poprowadzi\u0107 Ci\u0119 do technologii, kt\u00f3ra robi r\u00f3\u017cnic\u0119.<\/p>\n<\/div><!--advertisement--><div class=\"mx-5 sm:mx-0 sm:text-3xl text-2xl font-medium title-font mb-4 text-gray-900 text-left\">\n<h2 class=\"wp-block-heading\">Cenimy Tw\u00f3j g\u0142os<\/h2>\n<\/div><div class=\"mx-5 sm:mx-0 prose leading-relaxed text-lg mb-5 text-left wp-paragraph\">\n<p>O czym my\u015blisz? Zagadka technologiczna, pomys\u0142, a mo\u017ce szukasz czego\u015b konkretnego? Twoje spostrze\u017cenia i pytania pobudzaj\u0105 nasz\u0105 kreatywno\u015b\u0107 i nap\u0119dzaj\u0105 nasze tre\u015bci. Clarif You to Twoja platforma w takim samym stopniu, jak i nasza. Niezale\u017cnie od tego, czy zg\u0142\u0119biasz technologie dla rodziny, rozwoju osobistego, czy dbania o zdrowie, jeste\u015bmy tu po to, aby s\u0142ucha\u0107, anga\u017cowa\u0107 si\u0119 i wsp\u00f3lnie szuka\u0107 rozwi\u0105za\u0144.<\/p>\n<\/div><!--advertisement--><div class=\"mx-5 sm:mx-0 sm:text-3xl text-2xl font-medium title-font mb-4 text-gray-900 text-left\">\n<h2 class=\"wp-block-heading\">Po\u0142\u0105cz si\u0119 z nami<\/h2>\n<\/div><div class=\"mx-5 sm:mx-0 prose leading-relaxed text-lg mb-5 text-left wp-paragraph\">\n<p>Wejd\u017a do naszego \u015bwiata na <a style=\" color:;\" href=\"https:\/\/clarifyou.com\/pl\/\" target=\"_blank\" rel=\"noreferrer noopener\">https:\/\/clarifyou.com\/<\/a>, gdzie technologia i codzienne \u017cycie pi\u0119knie si\u0119 przenikaj\u0105. Masz jakie\u015b przemy\u015blenia lub pytania? Skontaktuj si\u0119 z nami za po\u015brednictwem naszego <a style=\" color:;\" href=\"https:\/\/clarifyou.com\/pl\/contact\/\" target=\"_blank\" rel=\"noreferrer noopener\">strona kontaktowa<\/a>Korzystajmy z technologii w spos\u00f3b, kt\u00f3ry wzbogaci nasze \u017cycie ka\u017cdego dnia.<\/p>\n<\/div>","protected":false},"excerpt":{"rendered":"<p>Finding Simplicity in Tech, Together Hey there! Welcome to a space where technology meets daily life, Clarif You. Ever think, &#8220;There&#8217;s got to be a simpler way&#8221;? We\u2019re here to show you there is. Diving into the vast world of apps and technology, we find those gems that make life not just easier, but also&hellip; <a class=\"more-link\" href=\"https:\/\/clarifyou.com\/pl\/about\/\">Czytaj dalej <span class=\"screen-reader-text\">Witamy w Clarif You!<\/span><\/a><\/p>","protected":false},"author":3,"featured_media":0,"parent":0,"menu_order":0,"comment_status":"closed","ping_status":"closed","template":"","meta":{"footnotes":""},"yoast_head":"<!-- This site is optimized with the Yoast SEO Premium plugin v18.7 (Yoast SEO v19.1) - https:\/\/yoast.com\/wordpress\/plugins\/seo\/ -->\n<title>Welcome to Clarif You! - Clarif You<\/title>\n<meta name=\"robots\" content=\"index, follow, max-snippet:-1, max-image-preview:large, max-video-preview:-1\" \/>\n<link rel=\"canonical\" href=\"https:\/\/clarifyou.com\/pl\/about\/\" \/>\n<meta property=\"og:locale\" content=\"pl_PL\" \/>\n<meta property=\"og:type\" content=\"article\" \/>\n<meta property=\"og:title\" content=\"Welcome to Clarif You!\" \/>\n<meta property=\"og:description\" content=\"Finding Simplicity in Tech, Together Hey there! Welcome to a space where technology meets daily life, Clarif You. Ever think, &#8220;There&#8217;s got to be a simpler way&#8221;? We\u2019re here to show you there is. Diving into the vast world of apps and technology, we find those gems that make life not just easier, but also&hellip; Continue reading Welcome to Clarif You!\" \/>\n<meta property=\"og:url\" content=\"https:\/\/clarifyou.com\/pl\/about\/\" \/>\n<meta property=\"og:site_name\" content=\"Clarif You\" \/>\n<meta property=\"article:modified_time\" content=\"2024-05-22T19:57:05+00:00\" \/>\n<meta name=\"twitter:card\" content=\"summary_large_image\" \/>\n<meta name=\"twitter:label1\" content=\"Est. reading time\" \/>\n\t<meta name=\"twitter:data1\" content=\"1 minuta\" \/>\n<script type=\"application\/ld+json\" class=\"yoast-schema-graph\">{\"@context\":\"https:\/\/schema.org\",\"@graph\":[{\"@type\":\"WebSite\",\"@id\":\"https:\/\/clarifyou.com\/#website\",\"url\":\"https:\/\/clarifyou.com\/\",\"name\":\"Clarif You\",\"description\":\"\",\"potentialAction\":[{\"@type\":\"SearchAction\",\"target\":{\"@type\":\"EntryPoint\",\"urlTemplate\":\"https:\/\/clarifyou.com\/?s={search_term_string}\"},\"query-input\":\"required name=search_term_string\"}],\"inLanguage\":\"pl-PL\"},{\"@type\":\"WebPage\",\"@id\":\"https:\/\/clarifyou.com\/about\/#webpage\",\"url\":\"https:\/\/clarifyou.com\/about\/\",\"name\":\"Welcome to Clarif You! - Clarif You\",\"isPartOf\":{\"@id\":\"https:\/\/clarifyou.com\/#website\"},\"datePublished\":\"2024-02-06T23:53:20+00:00\",\"dateModified\":\"2024-05-22T19:57:05+00:00\",\"breadcrumb\":{\"@id\":\"https:\/\/clarifyou.com\/about\/#breadcrumb\"},\"inLanguage\":\"pl-PL\",\"potentialAction\":[{\"@type\":\"ReadAction\",\"target\":[\"https:\/\/clarifyou.com\/about\/\"]}]},{\"@type\":\"BreadcrumbList\",\"@id\":\"https:\/\/clarifyou.com\/about\/#breadcrumb\",\"itemListElement\":[{\"@type\":\"ListItem\",\"position\":1,\"name\":\"Home\",\"item\":\"https:\/\/clarifyou.com\/\"},{\"@type\":\"ListItem\",\"position\":2,\"name\":\"Welcome to Clarif You!\"}]}]}<\/script>\n<!-- \/ Yoast SEO Premium plugin. -->","yoast_head_json":{"title":"Welcome to Clarif You! - Clarif You","robots":{"index":"index","follow":"follow","max-snippet":"max-snippet:-1","max-image-preview":"max-image-preview:large","max-video-preview":"max-video-preview:-1"},"canonical":"https:\/\/clarifyou.com\/pl\/about\/","og_locale":"pl_PL","og_type":"article","og_title":"Welcome to Clarif You!","og_description":"Finding Simplicity in Tech, Together Hey there! Welcome to a space where technology meets daily life, Clarif You. Ever think, &#8220;There&#8217;s got to be a simpler way&#8221;? We\u2019re here to show you there is. Diving into the vast world of apps and technology, we find those gems that make life not just easier, but also&hellip; Continue reading Welcome to Clarif You!","og_url":"https:\/\/clarifyou.com\/pl\/about\/","og_site_name":"Clarif You","article_modified_time":"2024-05-22T19:57:05+00:00","twitter_card":"summary_large_image","twitter_misc":{"Est. reading time":"1 minuta"},"schema":{"@context":"https:\/\/schema.org","@graph":[{"@type":"WebSite","@id":"https:\/\/clarifyou.com\/#website","url":"https:\/\/clarifyou.com\/","name":"Clarif You","description":"","potentialAction":[{"@type":"SearchAction","target":{"@type":"EntryPoint","urlTemplate":"https:\/\/clarifyou.com\/?s={search_term_string}"},"query-input":"required name=search_term_string"}],"inLanguage":"pl-PL"},{"@type":"WebPage","@id":"https:\/\/clarifyou.com\/about\/#webpage","url":"https:\/\/clarifyou.com\/about\/","name":"Welcome to Clarif You! - Clarif You","isPartOf":{"@id":"https:\/\/clarifyou.com\/#website"},"datePublished":"2024-02-06T23:53:20+00:00","dateModified":"2024-05-22T19:57:05+00:00","breadcrumb":{"@id":"https:\/\/clarifyou.com\/about\/#breadcrumb"},"inLanguage":"pl-PL","potentialAction":[{"@type":"ReadAction","target":["https:\/\/clarifyou.com\/about\/"]}]},{"@type":"BreadcrumbList","@id":"https:\/\/clarifyou.com\/about\/#breadcrumb","itemListElement":[{"@type":"ListItem","position":1,"name":"Home","item":"https:\/\/clarifyou.com\/"},{"@type":"ListItem","position":2,"name":"Welcome to Clarif You!"}]}]}},"_links":{"self":[{"href":"https:\/\/clarifyou.com\/pl\/wp-json\/wp\/v2\/pages\/249"}],"collection":[{"href":"https:\/\/clarifyou.com\/pl\/wp-json\/wp\/v2\/pages"}],"about":[{"href":"https:\/\/clarifyou.com\/pl\/wp-json\/wp\/v2\/types\/page"}],"author":[{"embeddable":true,"href":"https:\/\/clarifyou.com\/pl\/wp-json\/wp\/v2\/users\/3"}],"replies":[{"embeddable":true,"href":"https:\/\/clarifyou.com\/pl\/wp-json\/wp\/v2\/comments?post=249"}],"version-history":[{"count":0,"href":"https:\/\/clarifyou.com\/pl\/wp-json\/wp\/v2\/pages\/249\/revisions"}],"wp:attachment":[{"href":"https:\/\/clarifyou.com\/pl\/wp-json\/wp\/v2\/media?parent=249"}],"curies":[{"name":"wp","href":"https:\/\/api.w.org\/{rel}","templated":true}]}}