{"id":249,"date":"2024-02-06T23:53:20","date_gmt":"2024-02-06T23:53:20","guid":{"rendered":"https:\/\/clarifyou.com\/?page_id=249"},"modified":"2024-05-22T19:57:05","modified_gmt":"2024-05-22T19:57:05","slug":"about","status":"publish","type":"page","link":"https:\/\/clarifyou.com\/de\/about\/","title":{"rendered":"Willkommen bei Clarif You!"},"content":{"rendered":"<!--advertisement--><div class=\"mx-5 sm:mx-0 sm:text-3xl text-2xl font-medium title-font mb-4 text-gray-900 text-left\">\n<h2 class=\"wp-block-heading\" id=\"h-finding-simplicity-in-tech-together\">Gemeinsam Einfachheit in der Technik finden<\/h2>\n<\/div><div class=\"mx-5 sm:mx-0 prose leading-relaxed text-lg mb-5 text-left wp-paragraph\">\n<p>Hallo! Willkommen in einem Raum, in dem Technologie auf Alltag trifft, Clarif You. Haben Sie schon einmal gedacht: \u201eEs muss doch einen einfacheren Weg geben\u201c? Wir zeigen Ihnen, dass es ihn gibt. Wir tauchen ein in die riesige Welt der Apps und Technologien und finden die Sch\u00e4tze, die das Leben nicht nur einfacher, sondern auch ein bisschen angenehmer machen. Es geht darum, mit ein wenig Hilfe von Technologie das Beste aus jedem Tag zu machen.<\/p>\n<\/div><!--advertisement--><div class=\"mx-5 sm:mx-0 sm:text-3xl text-2xl font-medium title-font mb-4 text-gray-900 text-left\">\n<h2 class=\"wp-block-heading\">Wer sind wir<\/h2>\n<\/div><div class=\"mx-5 sm:mx-0 prose leading-relaxed text-lg mb-5 text-left wp-paragraph\">\n<p>Betrachten Sie uns als Ihre technikaffinen Freunde, die alles mit Ihnen teilen \u2013 von der neuesten App zur Organisation Ihres Alltags bis hin zu Tipps, die Ihren Umgang mit Technologie ver\u00e4ndern. Bei Clarif You entdecken wir mit Leidenschaft die technischen L\u00f6sungen, die wie f\u00fcr Sie gemacht wirken. Ob Sie als Eltern nach Lernhilfen f\u00fcr Ihr Kleinkind suchen oder Ihre t\u00e4glichen Aufgaben effizienter erledigen m\u00f6chten \u2013 wir zeigen Ihnen die Technik, die den Unterschied macht.<\/p>\n<\/div><!--advertisement--><div class=\"mx-5 sm:mx-0 sm:text-3xl text-2xl font-medium title-font mb-4 text-gray-900 text-left\">\n<h2 class=\"wp-block-heading\">Wir sch\u00e4tzen Ihre Stimme<\/h2>\n<\/div><div class=\"mx-5 sm:mx-0 prose leading-relaxed text-lg mb-5 text-left wp-paragraph\">\n<p>Was besch\u00e4ftigt Sie? Ein technisches R\u00e4tsel, eine Idee oder vielleicht suchen Sie nach etwas Bestimmtem? Ihre Erkenntnisse und Fragen inspirieren unsere Kreativit\u00e4t und pr\u00e4gen unsere Inhalte. Clarif You ist Ihre Plattform und unsere. Ob Sie sich f\u00fcr Technologie f\u00fcr Familie, pers\u00f6nliches Wachstum oder Gesundheitsmanagement interessieren \u2013 wir h\u00f6ren Ihnen zu, engagieren uns und finden gemeinsam L\u00f6sungen.<\/p>\n<\/div><!--advertisement--><div class=\"mx-5 sm:mx-0 sm:text-3xl text-2xl font-medium title-font mb-4 text-gray-900 text-left\">\n<h2 class=\"wp-block-heading\">Kontaktieren Sie uns<\/h2>\n<\/div><div class=\"mx-5 sm:mx-0 prose leading-relaxed text-lg mb-5 text-left wp-paragraph\">\n<p>Treten Sie ein in unsere Welt bei <a style=\" color:;\" href=\"https:\/\/clarifyou.com\/de\/\" target=\"_blank\" rel=\"noreferrer noopener\">https:\/\/clarifyou.com\/<\/a>, wo Technologie und Alltag wunderbar zusammentreffen. Haben Sie Anregungen oder Fragen? Kontaktieren Sie uns \u00fcber unsere <a style=\" color:;\" href=\"https:\/\/clarifyou.com\/de\/contact\/\" target=\"_blank\" rel=\"noreferrer noopener\">Kontaktseite<\/a>. Lassen Sie uns die Technologie auf eine Weise nutzen, die unser Leben jeden Tag bereichert.<\/p>\n<\/div>","protected":false},"excerpt":{"rendered":"<p>Finding Simplicity in Tech, Together Hey there! Welcome to a space where technology meets daily life, Clarif You. Ever think, &#8220;There&#8217;s got to be a simpler way&#8221;? We\u2019re here to show you there is. Diving into the vast world of apps and technology, we find those gems that make life not just easier, but also&hellip; <a class=\"more-link\" href=\"https:\/\/clarifyou.com\/de\/about\/\">Weiterlesen <span class=\"screen-reader-text\">Willkommen bei Clarif You!<\/span><\/a><\/p>","protected":false},"author":3,"featured_media":0,"parent":0,"menu_order":0,"comment_status":"closed","ping_status":"closed","template":"","meta":{"footnotes":""},"yoast_head":"<!-- This site is optimized with the Yoast SEO Premium plugin v18.7 (Yoast SEO v19.1) - https:\/\/yoast.com\/wordpress\/plugins\/seo\/ -->\n<title>Welcome to Clarif You! - Clarif You<\/title>\n<meta name=\"robots\" content=\"index, follow, max-snippet:-1, max-image-preview:large, max-video-preview:-1\" \/>\n<link rel=\"canonical\" href=\"https:\/\/clarifyou.com\/de\/about\/\" \/>\n<meta property=\"og:locale\" content=\"de_DE\" \/>\n<meta property=\"og:type\" content=\"article\" \/>\n<meta property=\"og:title\" content=\"Welcome to Clarif You!\" \/>\n<meta property=\"og:description\" content=\"Finding Simplicity in Tech, Together Hey there! Welcome to a space where technology meets daily life, Clarif You. Ever think, &#8220;There&#8217;s got to be a simpler way&#8221;? We\u2019re here to show you there is. Diving into the vast world of apps and technology, we find those gems that make life not just easier, but also&hellip; Continue reading Welcome to Clarif You!\" \/>\n<meta property=\"og:url\" content=\"https:\/\/clarifyou.com\/de\/about\/\" \/>\n<meta property=\"og:site_name\" content=\"Clarif You\" \/>\n<meta property=\"article:modified_time\" content=\"2024-05-22T19:57:05+00:00\" \/>\n<meta name=\"twitter:card\" content=\"summary_large_image\" \/>\n<meta name=\"twitter:label1\" content=\"Est. reading time\" \/>\n\t<meta name=\"twitter:data1\" content=\"1 Minute\" \/>\n<script type=\"application\/ld+json\" class=\"yoast-schema-graph\">{\"@context\":\"https:\/\/schema.org\",\"@graph\":[{\"@type\":\"WebSite\",\"@id\":\"https:\/\/clarifyou.com\/#website\",\"url\":\"https:\/\/clarifyou.com\/\",\"name\":\"Clarif You\",\"description\":\"\",\"potentialAction\":[{\"@type\":\"SearchAction\",\"target\":{\"@type\":\"EntryPoint\",\"urlTemplate\":\"https:\/\/clarifyou.com\/?s={search_term_string}\"},\"query-input\":\"required name=search_term_string\"}],\"inLanguage\":\"de-DE\"},{\"@type\":\"WebPage\",\"@id\":\"https:\/\/clarifyou.com\/about\/#webpage\",\"url\":\"https:\/\/clarifyou.com\/about\/\",\"name\":\"Welcome to Clarif You! - Clarif You\",\"isPartOf\":{\"@id\":\"https:\/\/clarifyou.com\/#website\"},\"datePublished\":\"2024-02-06T23:53:20+00:00\",\"dateModified\":\"2024-05-22T19:57:05+00:00\",\"breadcrumb\":{\"@id\":\"https:\/\/clarifyou.com\/about\/#breadcrumb\"},\"inLanguage\":\"de-DE\",\"potentialAction\":[{\"@type\":\"ReadAction\",\"target\":[\"https:\/\/clarifyou.com\/about\/\"]}]},{\"@type\":\"BreadcrumbList\",\"@id\":\"https:\/\/clarifyou.com\/about\/#breadcrumb\",\"itemListElement\":[{\"@type\":\"ListItem\",\"position\":1,\"name\":\"Home\",\"item\":\"https:\/\/clarifyou.com\/\"},{\"@type\":\"ListItem\",\"position\":2,\"name\":\"Welcome to Clarif You!\"}]}]}<\/script>\n<!-- \/ Yoast SEO Premium plugin. -->","yoast_head_json":{"title":"Welcome to Clarif You! - Clarif You","robots":{"index":"index","follow":"follow","max-snippet":"max-snippet:-1","max-image-preview":"max-image-preview:large","max-video-preview":"max-video-preview:-1"},"canonical":"https:\/\/clarifyou.com\/de\/about\/","og_locale":"de_DE","og_type":"article","og_title":"Welcome to Clarif You!","og_description":"Finding Simplicity in Tech, Together Hey there! Welcome to a space where technology meets daily life, Clarif You. Ever think, &#8220;There&#8217;s got to be a simpler way&#8221;? We\u2019re here to show you there is. Diving into the vast world of apps and technology, we find those gems that make life not just easier, but also&hellip; Continue reading Welcome to Clarif You!","og_url":"https:\/\/clarifyou.com\/de\/about\/","og_site_name":"Clarif You","article_modified_time":"2024-05-22T19:57:05+00:00","twitter_card":"summary_large_image","twitter_misc":{"Est. reading time":"1 Minute"},"schema":{"@context":"https:\/\/schema.org","@graph":[{"@type":"WebSite","@id":"https:\/\/clarifyou.com\/#website","url":"https:\/\/clarifyou.com\/","name":"Clarif You","description":"","potentialAction":[{"@type":"SearchAction","target":{"@type":"EntryPoint","urlTemplate":"https:\/\/clarifyou.com\/?s={search_term_string}"},"query-input":"required name=search_term_string"}],"inLanguage":"de-DE"},{"@type":"WebPage","@id":"https:\/\/clarifyou.com\/about\/#webpage","url":"https:\/\/clarifyou.com\/about\/","name":"Welcome to Clarif You! - Clarif You","isPartOf":{"@id":"https:\/\/clarifyou.com\/#website"},"datePublished":"2024-02-06T23:53:20+00:00","dateModified":"2024-05-22T19:57:05+00:00","breadcrumb":{"@id":"https:\/\/clarifyou.com\/about\/#breadcrumb"},"inLanguage":"de-DE","potentialAction":[{"@type":"ReadAction","target":["https:\/\/clarifyou.com\/about\/"]}]},{"@type":"BreadcrumbList","@id":"https:\/\/clarifyou.com\/about\/#breadcrumb","itemListElement":[{"@type":"ListItem","position":1,"name":"Home","item":"https:\/\/clarifyou.com\/"},{"@type":"ListItem","position":2,"name":"Welcome to Clarif You!"}]}]}},"_links":{"self":[{"href":"https:\/\/clarifyou.com\/de\/wp-json\/wp\/v2\/pages\/249"}],"collection":[{"href":"https:\/\/clarifyou.com\/de\/wp-json\/wp\/v2\/pages"}],"about":[{"href":"https:\/\/clarifyou.com\/de\/wp-json\/wp\/v2\/types\/page"}],"author":[{"embeddable":true,"href":"https:\/\/clarifyou.com\/de\/wp-json\/wp\/v2\/users\/3"}],"replies":[{"embeddable":true,"href":"https:\/\/clarifyou.com\/de\/wp-json\/wp\/v2\/comments?post=249"}],"version-history":[{"count":0,"href":"https:\/\/clarifyou.com\/de\/wp-json\/wp\/v2\/pages\/249\/revisions"}],"wp:attachment":[{"href":"https:\/\/clarifyou.com\/de\/wp-json\/wp\/v2\/media?parent=249"}],"curies":[{"name":"wp","href":"https:\/\/api.w.org\/{rel}","templated":true}]}}