{"id":249,"date":"2024-02-06T23:53:20","date_gmt":"2024-02-06T23:53:20","guid":{"rendered":"https:\/\/clarifyou.com\/?page_id=249"},"modified":"2024-05-22T19:57:05","modified_gmt":"2024-05-22T19:57:05","slug":"about","status":"publish","type":"page","link":"https:\/\/clarifyou.com\/cs\/about\/","title":{"rendered":"V\u00edtejte v Clarif You!"},"content":{"rendered":"<!--advertisement--><div class=\"mx-5 sm:mx-0 sm:text-3xl text-2xl font-medium title-font mb-4 text-gray-900 text-left\">\n<h2 class=\"wp-block-heading\" id=\"h-finding-simplicity-in-tech-together\">Hled\u00e1n\u00ed jednoduchosti v technologi\u00edch, spole\u010dn\u011b<\/h2>\n<\/div><div class=\"mx-5 sm:mx-0 prose leading-relaxed text-lg mb-5 text-left wp-paragraph\">\n<p>Ahoj! V\u00edtejte v prostoru, kde se technologie setk\u00e1v\u00e1 s ka\u017edodenn\u00edm \u017eivotem, Clarif You. \u0158\u00edkali jste si n\u011bkdy: \u201eMus\u00ed existovat jednodu\u0161\u0161\u00ed zp\u016fsob\u201c? Jsme tu, abychom v\u00e1m uk\u00e1zali, \u017ee existuje. Pono\u0159ujeme se do rozlehl\u00e9ho sv\u011bta aplikac\u00ed a technologi\u00ed a nach\u00e1z\u00edme ty skvosty, kter\u00e9 \u017eivot nejen usnad\u0148uj\u00ed, ale tak\u00e9 zp\u0159\u00edjem\u0148uj\u00ed ka\u017ed\u00e9mu. Jde o to, vyt\u011b\u017eit z ka\u017ed\u00e9ho dne maximum s trochou pomoci od technologi\u00ed.<\/p>\n<\/div><!--advertisement--><div class=\"mx-5 sm:mx-0 sm:text-3xl text-2xl font-medium title-font mb-4 text-gray-900 text-left\">\n<h2 class=\"wp-block-heading\">Kdo jsme<\/h2>\n<\/div><div class=\"mx-5 sm:mx-0 prose leading-relaxed text-lg mb-5 text-left wp-paragraph\">\n<p>P\u0159edstavte si n\u00e1s jako sv\u00e9 technicky zdatn\u00e9 p\u0159\u00e1tele, kte\u0159\u00ed se s v\u00e1mi r\u00e1di pod\u011bl\u00ed o v\u0161e od nejnov\u011bj\u0161\u00edch aplikac\u00ed, kter\u00e9 v\u00e1m uspo\u0159\u00e1daj\u00ed \u017eivot, a\u017e po tipy, kter\u00e9 transformuj\u00ed zp\u016fsob, jak\u00fdm s technologiemi komunikujete. V Clarif You s nad\u0161en\u00edm objevujeme technologick\u00e1 \u0159e\u0161en\u00ed, kter\u00e1 p\u016fsob\u00ed dojmem, \u017ee byla stvo\u0159ena pr\u00e1v\u011b pro v\u00e1s. A\u0165 u\u017e jste rodi\u010d hledaj\u00edc\u00ed vzd\u011bl\u00e1vac\u00ed n\u00e1stroje pro sv\u00e9 batole, nebo n\u011bkdo, kdo chce efektivn\u011bji zvl\u00e1dat ka\u017edodenn\u00ed \u00fakoly, jsme tu a provedeme v\u00e1s technologiemi, kter\u00e9 m\u011bn\u00ed sv\u011bt k lep\u0161\u00edmu.<\/p>\n<\/div><!--advertisement--><div class=\"mx-5 sm:mx-0 sm:text-3xl text-2xl font-medium title-font mb-4 text-gray-900 text-left\">\n<h2 class=\"wp-block-heading\">V\u00e1\u017e\u00edme si va\u0161eho hlasu<\/h2>\n<\/div><div class=\"mx-5 sm:mx-0 prose leading-relaxed text-lg mb-5 text-left wp-paragraph\">\n<p>Co v\u00e1s napad\u00e1? Technick\u00e1 h\u00e1danka, n\u00e1pad, nebo mo\u017en\u00e1 hled\u00e1te n\u011bco konkr\u00e9tn\u00edho? Va\u0161e post\u0159ehy a ot\u00e1zky podn\u011bcuj\u00ed na\u0161i kreativitu a poh\u00e1n\u011bj\u00ed n\u00e1\u0161 obsah. Clarif You je platforma pro v\u00e1s stejn\u011b tak jako pro n\u00e1s. A\u0165 u\u017e zkoum\u00e1te technologie pro rodinu, osobn\u00ed r\u016fst nebo p\u00e9\u010di o zdrav\u00ed, jsme tu, abychom v\u00e1m naslouchali, zapojili se a spole\u010dn\u011b hledali \u0159e\u0161en\u00ed.<\/p>\n<\/div><!--advertisement--><div class=\"mx-5 sm:mx-0 sm:text-3xl text-2xl font-medium title-font mb-4 text-gray-900 text-left\">\n<h2 class=\"wp-block-heading\">Spojte se s n\u00e1mi<\/h2>\n<\/div><div class=\"mx-5 sm:mx-0 prose leading-relaxed text-lg mb-5 text-left wp-paragraph\">\n<p>Vkro\u010dte do na\u0161eho sv\u011bta na <a style=\" color:;\" href=\"https:\/\/clarifyou.com\/cs\/\" target=\"_blank\" rel=\"noreferrer noopener\">https:\/\/clarifyou.com\/<\/a>, kde se technologie kr\u00e1sn\u011b prol\u00edn\u00e1 s ka\u017edodenn\u00edm \u017eivotem. M\u00e1te n\u011bjak\u00e9 n\u00e1pady nebo ot\u00e1zky? Kontaktujte n\u00e1s prost\u0159ednictv\u00edm na\u0161ich <a style=\" color:;\" href=\"https:\/\/clarifyou.com\/cs\/contact\/\" target=\"_blank\" rel=\"noreferrer noopener\">kontaktn\u00ed str\u00e1nka<\/a>Vyu\u017e\u00edvejme technologie tak, aby obohacovaly n\u00e1\u0161 ka\u017edodenn\u00ed \u017eivot.<\/p>\n<\/div>","protected":false},"excerpt":{"rendered":"<p>Finding Simplicity in Tech, Together Hey there! Welcome to a space where technology meets daily life, Clarif You. Ever think, &#8220;There&#8217;s got to be a simpler way&#8221;? We\u2019re here to show you there is. Diving into the vast world of apps and technology, we find those gems that make life not just easier, but also&hellip; <a class=\"more-link\" href=\"https:\/\/clarifyou.com\/cs\/about\/\">Pokra\u010dovat ve \u010dten\u00ed <span class=\"screen-reader-text\">V\u00edtejte v Clarif You!<\/span><\/a><\/p>","protected":false},"author":3,"featured_media":0,"parent":0,"menu_order":0,"comment_status":"closed","ping_status":"closed","template":"","meta":{"footnotes":""},"yoast_head":"<!-- This site is optimized with the Yoast SEO Premium plugin v18.7 (Yoast SEO v19.1) - https:\/\/yoast.com\/wordpress\/plugins\/seo\/ -->\n<title>Welcome to Clarif You! - Clarif You<\/title>\n<meta name=\"robots\" content=\"index, follow, max-snippet:-1, max-image-preview:large, max-video-preview:-1\" \/>\n<link rel=\"canonical\" href=\"https:\/\/clarifyou.com\/cs\/about\/\" \/>\n<meta property=\"og:locale\" content=\"cs_CZ\" \/>\n<meta property=\"og:type\" content=\"article\" \/>\n<meta property=\"og:title\" content=\"Welcome to Clarif You!\" \/>\n<meta property=\"og:description\" content=\"Finding Simplicity in Tech, Together Hey there! Welcome to a space where technology meets daily life, Clarif You. Ever think, &#8220;There&#8217;s got to be a simpler way&#8221;? We\u2019re here to show you there is. Diving into the vast world of apps and technology, we find those gems that make life not just easier, but also&hellip; Continue reading Welcome to Clarif You!\" \/>\n<meta property=\"og:url\" content=\"https:\/\/clarifyou.com\/cs\/about\/\" \/>\n<meta property=\"og:site_name\" content=\"Clarif You\" \/>\n<meta property=\"article:modified_time\" content=\"2024-05-22T19:57:05+00:00\" \/>\n<meta name=\"twitter:card\" content=\"summary_large_image\" \/>\n<meta name=\"twitter:label1\" content=\"Est. reading time\" \/>\n\t<meta name=\"twitter:data1\" content=\"1 minuta\" \/>\n<script type=\"application\/ld+json\" class=\"yoast-schema-graph\">{\"@context\":\"https:\/\/schema.org\",\"@graph\":[{\"@type\":\"WebSite\",\"@id\":\"https:\/\/clarifyou.com\/#website\",\"url\":\"https:\/\/clarifyou.com\/\",\"name\":\"Clarif You\",\"description\":\"\",\"potentialAction\":[{\"@type\":\"SearchAction\",\"target\":{\"@type\":\"EntryPoint\",\"urlTemplate\":\"https:\/\/clarifyou.com\/?s={search_term_string}\"},\"query-input\":\"required name=search_term_string\"}],\"inLanguage\":\"cs\"},{\"@type\":\"WebPage\",\"@id\":\"https:\/\/clarifyou.com\/about\/#webpage\",\"url\":\"https:\/\/clarifyou.com\/about\/\",\"name\":\"Welcome to Clarif You! - Clarif You\",\"isPartOf\":{\"@id\":\"https:\/\/clarifyou.com\/#website\"},\"datePublished\":\"2024-02-06T23:53:20+00:00\",\"dateModified\":\"2024-05-22T19:57:05+00:00\",\"breadcrumb\":{\"@id\":\"https:\/\/clarifyou.com\/about\/#breadcrumb\"},\"inLanguage\":\"cs\",\"potentialAction\":[{\"@type\":\"ReadAction\",\"target\":[\"https:\/\/clarifyou.com\/about\/\"]}]},{\"@type\":\"BreadcrumbList\",\"@id\":\"https:\/\/clarifyou.com\/about\/#breadcrumb\",\"itemListElement\":[{\"@type\":\"ListItem\",\"position\":1,\"name\":\"Home\",\"item\":\"https:\/\/clarifyou.com\/\"},{\"@type\":\"ListItem\",\"position\":2,\"name\":\"Welcome to Clarif You!\"}]}]}<\/script>\n<!-- \/ Yoast SEO Premium plugin. -->","yoast_head_json":{"title":"Welcome to Clarif You! - Clarif You","robots":{"index":"index","follow":"follow","max-snippet":"max-snippet:-1","max-image-preview":"max-image-preview:large","max-video-preview":"max-video-preview:-1"},"canonical":"https:\/\/clarifyou.com\/cs\/about\/","og_locale":"cs_CZ","og_type":"article","og_title":"Welcome to Clarif You!","og_description":"Finding Simplicity in Tech, Together Hey there! Welcome to a space where technology meets daily life, Clarif You. Ever think, &#8220;There&#8217;s got to be a simpler way&#8221;? We\u2019re here to show you there is. Diving into the vast world of apps and technology, we find those gems that make life not just easier, but also&hellip; Continue reading Welcome to Clarif You!","og_url":"https:\/\/clarifyou.com\/cs\/about\/","og_site_name":"Clarif You","article_modified_time":"2024-05-22T19:57:05+00:00","twitter_card":"summary_large_image","twitter_misc":{"Est. reading time":"1 minuta"},"schema":{"@context":"https:\/\/schema.org","@graph":[{"@type":"WebSite","@id":"https:\/\/clarifyou.com\/#website","url":"https:\/\/clarifyou.com\/","name":"Clarif You","description":"","potentialAction":[{"@type":"SearchAction","target":{"@type":"EntryPoint","urlTemplate":"https:\/\/clarifyou.com\/?s={search_term_string}"},"query-input":"required name=search_term_string"}],"inLanguage":"cs"},{"@type":"WebPage","@id":"https:\/\/clarifyou.com\/about\/#webpage","url":"https:\/\/clarifyou.com\/about\/","name":"Welcome to Clarif You! - Clarif You","isPartOf":{"@id":"https:\/\/clarifyou.com\/#website"},"datePublished":"2024-02-06T23:53:20+00:00","dateModified":"2024-05-22T19:57:05+00:00","breadcrumb":{"@id":"https:\/\/clarifyou.com\/about\/#breadcrumb"},"inLanguage":"cs","potentialAction":[{"@type":"ReadAction","target":["https:\/\/clarifyou.com\/about\/"]}]},{"@type":"BreadcrumbList","@id":"https:\/\/clarifyou.com\/about\/#breadcrumb","itemListElement":[{"@type":"ListItem","position":1,"name":"Home","item":"https:\/\/clarifyou.com\/"},{"@type":"ListItem","position":2,"name":"Welcome to Clarif You!"}]}]}},"_links":{"self":[{"href":"https:\/\/clarifyou.com\/cs\/wp-json\/wp\/v2\/pages\/249"}],"collection":[{"href":"https:\/\/clarifyou.com\/cs\/wp-json\/wp\/v2\/pages"}],"about":[{"href":"https:\/\/clarifyou.com\/cs\/wp-json\/wp\/v2\/types\/page"}],"author":[{"embeddable":true,"href":"https:\/\/clarifyou.com\/cs\/wp-json\/wp\/v2\/users\/3"}],"replies":[{"embeddable":true,"href":"https:\/\/clarifyou.com\/cs\/wp-json\/wp\/v2\/comments?post=249"}],"version-history":[{"count":0,"href":"https:\/\/clarifyou.com\/cs\/wp-json\/wp\/v2\/pages\/249\/revisions"}],"wp:attachment":[{"href":"https:\/\/clarifyou.com\/cs\/wp-json\/wp\/v2\/media?parent=249"}],"curies":[{"name":"wp","href":"https:\/\/api.w.org\/{rel}","templated":true}]}}